{"id":5460,"date":"2024-08-23T09:20:48","date_gmt":"2024-08-23T08:20:48","guid":{"rendered":"https:\/\/expromet.com\/vielen-dank\/"},"modified":"2026-04-29T16:07:15","modified_gmt":"2026-04-29T15:07:15","slug":"vielen-dank","status":"publish","type":"page","link":"https:\/\/expromet.com\/de\/vielen-dank\/","title":{"rendered":"Vielen Dank"},"content":{"rendered":"\t\t<div data-elementor-type=\"wp-page\" data-elementor-id=\"5460\" class=\"elementor elementor-5460 elementor-1623\" data-elementor-post-type=\"page\">\n\t\t\t\t<div class=\"elementor-element elementor-element-ba74b13 e-flex e-con-boxed e-con e-parent\" data-id=\"ba74b13\" data-element_type=\"container\" data-e-type=\"container\" data-settings=\"{&quot;background_background&quot;:&quot;classic&quot;}\">\n\t\t\t\t\t<div class=\"e-con-inner\">\n\t\t\t\t<div class=\"elementor-element elementor-element-bf04d06 elementor-widget elementor-widget-image\" data-id=\"bf04d06\" data-element_type=\"widget\" data-e-type=\"widget\" data-widget_type=\"image.default\">\n\t\t\t\t<div class=\"elementor-widget-container\">\n\t\t\t\t\t\t\t\t\t\t\t\t\t\t\t\t<a href=\"https:\/\/expromet.com\/de\/\">\n\t\t\t\t\t\t\t<img fetchpriority=\"high\" decoding=\"async\" width=\"800\" height=\"338\" src=\"https:\/\/expromet.com\/wp-content\/uploads\/2024\/05\/expromet-logo-final-07-1024x432.png\" class=\"attachment-large size-large wp-image-5463\" alt=\"\" srcset=\"https:\/\/expromet.com\/wp-content\/uploads\/2024\/05\/expromet-logo-final-07-1024x432.png 1024w, https:\/\/expromet.com\/wp-content\/uploads\/2024\/05\/expromet-logo-final-07-300x127.png 300w, https:\/\/expromet.com\/wp-content\/uploads\/2024\/05\/expromet-logo-final-07-768x324.png 768w, https:\/\/expromet.com\/wp-content\/uploads\/2024\/05\/expromet-logo-final-07-1536x648.png 1536w, https:\/\/expromet.com\/wp-content\/uploads\/2024\/05\/expromet-logo-final-07-2048x864.png 2048w\" sizes=\"(max-width: 800px) 100vw, 800px\" \/>\t\t\t\t\t\t\t\t<\/a>\n\t\t\t\t\t\t\t\t\t\t\t\t\t\t\t<\/div>\n\t\t\t\t<\/div>\n\t\t\t\t<div class=\"elementor-element elementor-element-67cf8ac elementor-align-center elementor-widget elementor-widget-lottie\" data-id=\"67cf8ac\" data-element_type=\"widget\" data-e-type=\"widget\" data-settings=\"{&quot;source_json&quot;:{&quot;url&quot;:&quot;https:\\\/\\\/expromet.com\\\/wp-content\\\/uploads\\\/2024\\\/08\\\/Animation-1724402109511.json&quot;,&quot;id&quot;:1640,&quot;size&quot;:&quot;&quot;,&quot;alt&quot;:&quot;&quot;,&quot;source&quot;:&quot;library&quot;},&quot;source&quot;:&quot;media_file&quot;,&quot;caption_source&quot;:&quot;none&quot;,&quot;link_to&quot;:&quot;none&quot;,&quot;trigger&quot;:&quot;arriving_to_viewport&quot;,&quot;viewport&quot;:{&quot;unit&quot;:&quot;%&quot;,&quot;size&quot;:&quot;&quot;,&quot;sizes&quot;:{&quot;start&quot;:0,&quot;end&quot;:100}},&quot;play_speed&quot;:{&quot;unit&quot;:&quot;px&quot;,&quot;size&quot;:1,&quot;sizes&quot;:[]},&quot;start_point&quot;:{&quot;unit&quot;:&quot;%&quot;,&quot;size&quot;:0,&quot;sizes&quot;:[]},&quot;end_point&quot;:{&quot;unit&quot;:&quot;%&quot;,&quot;size&quot;:100,&quot;sizes&quot;:[]},&quot;renderer&quot;:&quot;svg&quot;}\" data-widget_type=\"lottie.default\">\n\t\t\t\t<div class=\"elementor-widget-container\">\n\t\t\t\t\t<div class=\"e-lottie__container\"><div class=\"e-lottie__animation\"><\/div><\/div>\t\t\t\t<\/div>\n\t\t\t\t<\/div>\n\t\t\t\t<div class=\"elementor-element elementor-element-2d15e7a elementor-widget elementor-widget-heading\" data-id=\"2d15e7a\" data-element_type=\"widget\" data-e-type=\"widget\" data-widget_type=\"heading.default\">\n\t\t\t\t<div class=\"elementor-widget-container\">\n\t\t\t\t\t<h2 class=\"elementor-heading-title elementor-size-default\">Vielen Dank f\u00fcr Ihre Einreichung, wir werden uns in K\u00fcrze bei Ihnen melden.<\/h2>\t\t\t\t<\/div>\n\t\t\t\t<\/div>\n\t\t\t\t<div class=\"elementor-element elementor-element-3b86d7e elementor-align-center elementor-widget elementor-widget-button\" data-id=\"3b86d7e\" data-element_type=\"widget\" data-e-type=\"widget\" data-widget_type=\"button.default\">\n\t\t\t\t<div class=\"elementor-widget-container\">\n\t\t\t\t\t\t\t\t\t<div class=\"elementor-button-wrapper\">\n\t\t\t\t\t<a class=\"elementor-button elementor-button-link elementor-size-sm\" href=\"https:\/\/expromet.com\/de\/\">\n\t\t\t\t\t\t<span class=\"elementor-button-content-wrapper\">\n\t\t\t\t\t\t<span class=\"elementor-button-icon\">\n\t\t\t\t<svg aria-hidden=\"true\" class=\"e-font-icon-svg e-fas-long-arrow-alt-left\" viewBox=\"0 0 448 512\" xmlns=\"http:\/\/www.w3.org\/2000\/svg\"><path d=\"M134.059 296H436c6.627 0 12-5.373 12-12v-56c0-6.627-5.373-12-12-12H134.059v-46.059c0-21.382-25.851-32.09-40.971-16.971L7.029 239.029c-9.373 9.373-9.373 24.569 0 33.941l86.059 86.059c15.119 15.119 40.971 4.411 40.971-16.971V296z\"><\/path><\/svg>\t\t\t<\/span>\n\t\t\t\t\t\t\t\t\t<span class=\"elementor-button-text\">Zur\u00fcck<\/span>\n\t\t\t\t\t<\/span>\n\t\t\t\t\t<\/a>\n\t\t\t\t<\/div>\n\t\t\t\t\t\t\t\t<\/div>\n\t\t\t\t<\/div>\n\t\t\t\t\t<\/div>\n\t\t\t\t<\/div>\n\t\t\t\t<\/div>\n\t\t","protected":false},"excerpt":{"rendered":"<p>Vielen Dank f\u00fcr Ihre Einreichung, wir werden uns in K\u00fcrze bei Ihnen melden. Zur\u00fcck<\/p>\n","protected":false},"author":7,"featured_media":0,"parent":0,"menu_order":0,"comment_status":"closed","ping_status":"closed","template":"elementor_canvas","meta":{"footnotes":""},"class_list":["post-5460","page","type-page","status-publish","hentry"],"yoast_head":"<!-- This site is optimized with the Yoast SEO plugin v27.5 - https:\/\/yoast.com\/product\/yoast-seo-wordpress\/ -->\n<title>Vielen Dank - Expromet Group<\/title>\n<meta name=\"robots\" content=\"index, follow, max-snippet:-1, max-image-preview:large, max-video-preview:-1\" \/>\n<link rel=\"canonical\" href=\"https:\/\/expromet.com\/de\/vielen-dank\/\" \/>\n<meta property=\"og:locale\" content=\"de_DE\" \/>\n<meta property=\"og:type\" content=\"article\" \/>\n<meta property=\"og:title\" content=\"Vielen Dank - Expromet Group\" \/>\n<meta property=\"og:description\" content=\"Vielen Dank f\u00fcr Ihre Einreichung, wir werden uns in K\u00fcrze bei Ihnen melden. Zur\u00fcck\" \/>\n<meta property=\"og:url\" content=\"https:\/\/expromet.com\/de\/vielen-dank\/\" \/>\n<meta property=\"og:site_name\" content=\"Expromet Group\" \/>\n<meta property=\"article:modified_time\" content=\"2026-04-29T15:07:15+00:00\" \/>\n<meta property=\"og:image\" content=\"https:\/\/expromet.com\/wp-content\/uploads\/2024\/05\/expromet-logo-final-07.png\" \/>\n\t<meta property=\"og:image:width\" content=\"3509\" \/>\n\t<meta property=\"og:image:height\" content=\"1480\" \/>\n\t<meta property=\"og:image:type\" content=\"image\/png\" \/>\n<meta name=\"twitter:card\" content=\"summary_large_image\" \/>\n<script type=\"application\/ld+json\" class=\"yoast-schema-graph\">{\"@context\":\"https:\\\/\\\/schema.org\",\"@graph\":[{\"@type\":\"WebPage\",\"@id\":\"https:\\\/\\\/expromet.com\\\/de\\\/vielen-dank\\\/\",\"url\":\"https:\\\/\\\/expromet.com\\\/de\\\/vielen-dank\\\/\",\"name\":\"Vielen Dank - Expromet Group\",\"isPartOf\":{\"@id\":\"https:\\\/\\\/expromet.com\\\/de\\\/#website\"},\"primaryImageOfPage\":{\"@id\":\"https:\\\/\\\/expromet.com\\\/de\\\/vielen-dank\\\/#primaryimage\"},\"image\":{\"@id\":\"https:\\\/\\\/expromet.com\\\/de\\\/vielen-dank\\\/#primaryimage\"},\"thumbnailUrl\":\"https:\\\/\\\/expromet.com\\\/wp-content\\\/uploads\\\/2024\\\/05\\\/expromet-logo-final-07-1024x432.png\",\"datePublished\":\"2024-08-23T08:20:48+00:00\",\"dateModified\":\"2026-04-29T15:07:15+00:00\",\"breadcrumb\":{\"@id\":\"https:\\\/\\\/expromet.com\\\/de\\\/vielen-dank\\\/#breadcrumb\"},\"inLanguage\":\"de\",\"potentialAction\":[{\"@type\":\"ReadAction\",\"target\":[\"https:\\\/\\\/expromet.com\\\/de\\\/vielen-dank\\\/\"]}]},{\"@type\":\"ImageObject\",\"inLanguage\":\"de\",\"@id\":\"https:\\\/\\\/expromet.com\\\/de\\\/vielen-dank\\\/#primaryimage\",\"url\":\"https:\\\/\\\/expromet.com\\\/wp-content\\\/uploads\\\/2024\\\/05\\\/expromet-logo-final-07-1024x432.png\",\"contentUrl\":\"https:\\\/\\\/expromet.com\\\/wp-content\\\/uploads\\\/2024\\\/05\\\/expromet-logo-final-07-1024x432.png\"},{\"@type\":\"BreadcrumbList\",\"@id\":\"https:\\\/\\\/expromet.com\\\/de\\\/vielen-dank\\\/#breadcrumb\",\"itemListElement\":[{\"@type\":\"ListItem\",\"position\":1,\"name\":\"Home\",\"item\":\"https:\\\/\\\/expromet.com\\\/de\\\/startseite\\\/\"},{\"@type\":\"ListItem\",\"position\":2,\"name\":\"Vielen Dank\"}]},{\"@type\":\"WebSite\",\"@id\":\"https:\\\/\\\/expromet.com\\\/de\\\/#website\",\"url\":\"https:\\\/\\\/expromet.com\\\/de\\\/\",\"name\":\"Expromet Group\",\"description\":\"Precision Engineering Solutions for Performance-Critical Applications\",\"publisher\":{\"@id\":\"https:\\\/\\\/expromet.com\\\/de\\\/#organization\"},\"potentialAction\":[{\"@type\":\"SearchAction\",\"target\":{\"@type\":\"EntryPoint\",\"urlTemplate\":\"https:\\\/\\\/expromet.com\\\/de\\\/?s={search_term_string}\"},\"query-input\":{\"@type\":\"PropertyValueSpecification\",\"valueRequired\":true,\"valueName\":\"search_term_string\"}}],\"inLanguage\":\"de\"},{\"@type\":\"Organization\",\"@id\":\"https:\\\/\\\/expromet.com\\\/de\\\/#organization\",\"name\":\"Expromet Group\",\"url\":\"https:\\\/\\\/expromet.com\\\/de\\\/\",\"logo\":{\"@type\":\"ImageObject\",\"inLanguage\":\"de\",\"@id\":\"https:\\\/\\\/expromet.com\\\/de\\\/#\\\/schema\\\/logo\\\/image\\\/\",\"url\":\"https:\\\/\\\/expromet.com\\\/wp-content\\\/uploads\\\/2022\\\/11\\\/ExprometLogo.png\",\"contentUrl\":\"https:\\\/\\\/expromet.com\\\/wp-content\\\/uploads\\\/2022\\\/11\\\/ExprometLogo.png\",\"width\":2000,\"height\":406,\"caption\":\"Expromet Group\"},\"image\":{\"@id\":\"https:\\\/\\\/expromet.com\\\/de\\\/#\\\/schema\\\/logo\\\/image\\\/\"}}]}<\/script>\n<!-- \/ Yoast SEO plugin. -->","yoast_head_json":{"title":"Vielen Dank - Expromet Group","robots":{"index":"index","follow":"follow","max-snippet":"max-snippet:-1","max-image-preview":"max-image-preview:large","max-video-preview":"max-video-preview:-1"},"canonical":"https:\/\/expromet.com\/de\/vielen-dank\/","og_locale":"de_DE","og_type":"article","og_title":"Vielen Dank - Expromet Group","og_description":"Vielen Dank f\u00fcr Ihre Einreichung, wir werden uns in K\u00fcrze bei Ihnen melden. Zur\u00fcck","og_url":"https:\/\/expromet.com\/de\/vielen-dank\/","og_site_name":"Expromet Group","article_modified_time":"2026-04-29T15:07:15+00:00","og_image":[{"width":3509,"height":1480,"url":"https:\/\/expromet.com\/wp-content\/uploads\/2024\/05\/expromet-logo-final-07.png","type":"image\/png"}],"twitter_card":"summary_large_image","schema":{"@context":"https:\/\/schema.org","@graph":[{"@type":"WebPage","@id":"https:\/\/expromet.com\/de\/vielen-dank\/","url":"https:\/\/expromet.com\/de\/vielen-dank\/","name":"Vielen Dank - Expromet Group","isPartOf":{"@id":"https:\/\/expromet.com\/de\/#website"},"primaryImageOfPage":{"@id":"https:\/\/expromet.com\/de\/vielen-dank\/#primaryimage"},"image":{"@id":"https:\/\/expromet.com\/de\/vielen-dank\/#primaryimage"},"thumbnailUrl":"https:\/\/expromet.com\/wp-content\/uploads\/2024\/05\/expromet-logo-final-07-1024x432.png","datePublished":"2024-08-23T08:20:48+00:00","dateModified":"2026-04-29T15:07:15+00:00","breadcrumb":{"@id":"https:\/\/expromet.com\/de\/vielen-dank\/#breadcrumb"},"inLanguage":"de","potentialAction":[{"@type":"ReadAction","target":["https:\/\/expromet.com\/de\/vielen-dank\/"]}]},{"@type":"ImageObject","inLanguage":"de","@id":"https:\/\/expromet.com\/de\/vielen-dank\/#primaryimage","url":"https:\/\/expromet.com\/wp-content\/uploads\/2024\/05\/expromet-logo-final-07-1024x432.png","contentUrl":"https:\/\/expromet.com\/wp-content\/uploads\/2024\/05\/expromet-logo-final-07-1024x432.png"},{"@type":"BreadcrumbList","@id":"https:\/\/expromet.com\/de\/vielen-dank\/#breadcrumb","itemListElement":[{"@type":"ListItem","position":1,"name":"Home","item":"https:\/\/expromet.com\/de\/startseite\/"},{"@type":"ListItem","position":2,"name":"Vielen Dank"}]},{"@type":"WebSite","@id":"https:\/\/expromet.com\/de\/#website","url":"https:\/\/expromet.com\/de\/","name":"Expromet Group","description":"Precision Engineering Solutions for Performance-Critical Applications","publisher":{"@id":"https:\/\/expromet.com\/de\/#organization"},"potentialAction":[{"@type":"SearchAction","target":{"@type":"EntryPoint","urlTemplate":"https:\/\/expromet.com\/de\/?s={search_term_string}"},"query-input":{"@type":"PropertyValueSpecification","valueRequired":true,"valueName":"search_term_string"}}],"inLanguage":"de"},{"@type":"Organization","@id":"https:\/\/expromet.com\/de\/#organization","name":"Expromet Group","url":"https:\/\/expromet.com\/de\/","logo":{"@type":"ImageObject","inLanguage":"de","@id":"https:\/\/expromet.com\/de\/#\/schema\/logo\/image\/","url":"https:\/\/expromet.com\/wp-content\/uploads\/2022\/11\/ExprometLogo.png","contentUrl":"https:\/\/expromet.com\/wp-content\/uploads\/2022\/11\/ExprometLogo.png","width":2000,"height":406,"caption":"Expromet Group"},"image":{"@id":"https:\/\/expromet.com\/de\/#\/schema\/logo\/image\/"}}]}},"_links":{"self":[{"href":"https:\/\/expromet.com\/de\/wp-json\/wp\/v2\/pages\/5460","targetHints":{"allow":["GET"]}}],"collection":[{"href":"https:\/\/expromet.com\/de\/wp-json\/wp\/v2\/pages"}],"about":[{"href":"https:\/\/expromet.com\/de\/wp-json\/wp\/v2\/types\/page"}],"author":[{"embeddable":true,"href":"https:\/\/expromet.com\/de\/wp-json\/wp\/v2\/users\/7"}],"replies":[{"embeddable":true,"href":"https:\/\/expromet.com\/de\/wp-json\/wp\/v2\/comments?post=5460"}],"version-history":[{"count":1,"href":"https:\/\/expromet.com\/de\/wp-json\/wp\/v2\/pages\/5460\/revisions"}],"predecessor-version":[{"id":5465,"href":"https:\/\/expromet.com\/de\/wp-json\/wp\/v2\/pages\/5460\/revisions\/5465"}],"wp:attachment":[{"href":"https:\/\/expromet.com\/de\/wp-json\/wp\/v2\/media?parent=5460"}],"curies":[{"name":"wp","href":"https:\/\/api.w.org\/{rel}","templated":true}]}}